{"id":17,"date":"2021-04-15T16:49:59","date_gmt":"2021-04-15T16:49:59","guid":{"rendered":"https:\/\/torres-santana.com.mx\/?page_id=17"},"modified":"2021-04-26T14:57:21","modified_gmt":"2021-04-26T14:57:21","slug":"contacto","status":"publish","type":"page","link":"https:\/\/torres-santana.com.mx\/index.php\/contacto\/","title":{"rendered":"Contacto"},"content":{"rendered":"<p>[et_pb_section fb_built=\u00bb1&#8243; custom_padding_last_edited=\u00bboff|desktop\u00bb admin_label=\u00bbHeader\u00bb _builder_version=\u00bb4.9.1&#8243; use_background_color_gradient=\u00bbon\u00bb background_color_gradient_start=\u00bbrgba(27,18,61,0.96)\u00bb background_color_gradient_end=\u00bbrgba(27,18,61,0.88)\u00bb background_color_gradient_direction=\u00bb90deg\u00bb background_color_gradient_start_position=\u00bb40%\u00bb background_color_gradient_end_position=\u00bb0%\u00bb background_color_gradient_overlays_image=\u00bbon\u00bb background_image=\u00bbhttps:\/\/torres-santana.com.mx\/wp-content\/uploads\/2021\/04\/commercial-air-conditioning-2571306_1920.jpg\u00bb custom_padding=\u00bb6vw||6vw||true|false\u00bb custom_padding_tablet=\u00bb||||false|false\u00bb custom_padding_phone=\u00bb||||false|false\u00bb locked=\u00bboff\u00bb][et_pb_row column_structure=\u00bb1_2,1_2&#8243; _builder_version=\u00bb4.4.7&#8243; max_width=\u00bb1200px\u00bb custom_padding=\u00bb4%|4%|4%|4%|true|true\u00bb border_color_all=\u00bb#16252D\u00bb border_width_bottom=\u00bb8px\u00bb border_color_bottom=\u00bb#788594&#8243; border_width_left=\u00bb8px\u00bb border_color_left=\u00bb#788594&#8243; locked=\u00bboff\u00bb][et_pb_column type=\u00bb1_2&#8243; _builder_version=\u00bb4.4.6&#8243;][et_pb_text _builder_version=\u00bb4.4.7&#8243; header_font=\u00bbHeebo|900||on|||||\u00bb header_font_size=\u00bb60px\u00bb header_letter_spacing=\u00bb2px\u00bb header_line_height=\u00bb1.2em\u00bb background_layout=\u00bbdark\u00bb header_font_size_tablet=\u00bb40px\u00bb header_font_size_phone=\u00bb24px\u00bb header_font_size_last_edited=\u00bbon|phone\u00bb locked=\u00bboff\u00bb]<\/p>\n<h1>Contacto<\/h1>\n<p>[\/et_pb_text][\/et_pb_column][et_pb_column type=\u00bb1_2&#8243; _builder_version=\u00bb4.4.6&#8243;][\/et_pb_column][\/et_pb_row][\/et_pb_section][et_pb_section fb_built=\u00bb1&#8243; custom_padding_last_edited=\u00bboff|desktop\u00bb admin_label=\u00bbContact Info\u00bb _builder_version=\u00bb4.4.7&#8243; custom_padding=\u00bb0px||0px||true|false\u00bb custom_padding_tablet=\u00bb60px||60px||true|false\u00bb custom_padding_phone=\u00bb40px||40px||true|false\u00bb locked=\u00bboff\u00bb][et_pb_row column_structure=\u00bb1_3,1_3,1_3&#8243; use_custom_gutter=\u00bbon\u00bb gutter_width=\u00bb2&#8243; make_equal=\u00bbon\u00bb custom_padding_last_edited=\u00bboff|desktop\u00bb _builder_version=\u00bb4.4.7&#8243; max_width=\u00bb1200px\u00bb custom_padding=\u00bb6%|4%|6%|4%|true|true\u00bb custom_padding_tablet=\u00bb50px||50px|30px|false|false\u00bb border_width_left=\u00bb8px\u00bb border_color_left=\u00bb#F4F4F5&#8243;][et_pb_column type=\u00bb1_3&#8243; _builder_version=\u00bb4.4.6&#8243;][et_pb_text _builder_version=\u00bb4.9.4&#8243; text_text_color=\u00bb#000000&#8243; text_font_size=\u00bb16px\u00bb text_line_height=\u00bb2em\u00bb header_6_font=\u00bbHeebo|700||on|||||\u00bb header_6_text_color=\u00bb#000000&#8243; header_6_letter_spacing=\u00bb3px\u00bb header_6_line_height=\u00bb2em\u00bb background_layout=\u00bbdark\u00bb custom_padding=\u00bb||0px|||\u00bb hover_enabled=\u00bb0&#8243; text_font_size_tablet=\u00bb\u00bb text_font_size_phone=\u00bb14px\u00bb text_font_size_last_edited=\u00bbon|phone\u00bb locked=\u00bboff\u00bb content_last_edited=\u00bbon|desktop\u00bb sticky_enabled=\u00bb0&#8243;]<\/p>\n<h6>Direcci\u00f3n<\/h6>\n<p style=\"text-align: justify;\"><span style=\"font-weight: 400;\">Avenida de las Torres Mz. 26 Lt. 33 Colonia Santiago Acahualtepec, C.P. 09600, Alcald\u00eda Iztapalapa, CDMX.<\/span><\/p>\n<p>[\/et_pb_text][\/et_pb_column][et_pb_column type=\u00bb1_3&#8243; _builder_version=\u00bb4.4.6&#8243;][et_pb_text content_tablet=\u00bb<\/p>\n<h6>Tel\u00e9fono<\/h6>\n<p style=%22text-align: left;%22><span style=%22font-weight: 400;%22>+ 52 55 2630 9414<\/span><\/p>\n<p style=%22text-align: left;%22><span style=%22font-weight: 400;%22>+ 52 55 2630 9415<\/span><\/p>\n<p>\u00bb content_phone=\u00bb<\/p>\n<h6>Tel\u00e9fono<\/h6>\n<p style=%22text-align: left;%22><span style=%22font-weight: 400;%22>+ 52 55 2630 9414<\/span><\/p>\n<p style=%22text-align: left;%22><span style=%22font-weight: 400;%22>+ 52 55 2630 9415<\/span><\/p>\n<p>\u00bb content_last_edited=\u00bbon|phone\u00bb _builder_version=\u00bb4.9.4&#8243; text_text_color=\u00bb#000000&#8243; text_font_size=\u00bb16px\u00bb text_line_height=\u00bb2em\u00bb header_6_font=\u00bbHeebo|700||on|||||\u00bb header_6_text_align=\u00bbcenter\u00bb header_6_text_color=\u00bb#000000&#8243; header_6_letter_spacing=\u00bb3px\u00bb header_6_line_height=\u00bb2em\u00bb text_orientation=\u00bbcenter\u00bb background_layout=\u00bbdark\u00bb hover_enabled=\u00bb0&#8243; text_font_size_tablet=\u00bb\u00bb text_font_size_phone=\u00bb14px\u00bb text_font_size_last_edited=\u00bbon|phone\u00bb header_6_text_align_tablet=\u00bbleft\u00bb header_6_text_align_phone=\u00bbleft\u00bb header_6_text_align_last_edited=\u00bbon|phone\u00bb locked=\u00bboff\u00bb sticky_enabled=\u00bb0&#8243;]<\/p>\n<h6>Tel\u00e9fono<\/h6>\n<p style=\"text-align: center;\"><span style=\"font-weight: 400;\">+ 52 55 2630 9414<\/span><\/p>\n<p style=\"text-align: center;\"><span style=\"font-weight: 400;\">+ 52 55 2630 9415<\/span><\/p>\n<p>[\/et_pb_text][\/et_pb_column][et_pb_column type=\u00bb1_3&#8243; _builder_version=\u00bb4.4.6&#8243;][et_pb_text _builder_version=\u00bb4.9.1&#8243; text_text_color=\u00bb#000000&#8243; text_line_height=\u00bb2em\u00bb link_text_color=\u00bbrgba(255,255,255,0.7)\u00bb link_font_size=\u00bb16px\u00bb link_line_height=\u00bb2em\u00bb header_6_font=\u00bbHeebo|700||on|||||\u00bb header_6_text_color=\u00bb#000000&#8243; header_6_letter_spacing=\u00bb3px\u00bb header_6_line_height=\u00bb2em\u00bb background_layout=\u00bbdark\u00bb link_font_size_tablet=\u00bb\u00bb link_font_size_phone=\u00bb14px\u00bb link_font_size_last_edited=\u00bbon|phone\u00bb link_text_shadow_style=\u00bbpreset5&#8243; locked=\u00bboff\u00bb]<\/p>\n<h6>Correo electr\u00f3nico<\/h6>\n<p>contacto@torres-santana.com.mx<\/p>\n<p>[\/et_pb_text][\/et_pb_column][\/et_pb_row][\/et_pb_section][et_pb_section fb_built=\u00bb1&#8243; admin_label=\u00bbContact Form\u00bb _builder_version=\u00bb4.4.7&#8243; custom_padding=\u00bb0px||0px||true|false\u00bb][et_pb_row column_structure=\u00bb3_4,1_4&#8243; use_custom_gutter=\u00bbon\u00bb gutter_width=\u00bb2&#8243; make_equal=\u00bbon\u00bb custom_padding_last_edited=\u00bboff|desktop\u00bb _builder_version=\u00bb4.9.1&#8243; max_width=\u00bb1200px\u00bb custom_padding=\u00bb0px||||false|false\u00bb custom_padding_tablet=\u00bb|||30px|false|false\u00bb][et_pb_column type=\u00bb3_4&#8243; _builder_version=\u00bb4.4.7&#8243; background_color=\u00bb#f4f4f5&#8243; custom_padding=\u00bb6%|6%|6%|6%|true|true\u00bb][et_pb_contact_form captcha=\u00bboff\u00bb title=\u00bbCont\u00e1ctanos\u00bb submit_button_text=\u00bbEnviar\u00bb _builder_version=\u00bb4.9.1&#8243; form_field_background_color=\u00bbrgba(0,0,0,0)\u00bb title_level=\u00bbh2&#8243; title_font=\u00bbHeebo|900||on|||||\u00bb title_font_size=\u00bb40px\u00bb title_letter_spacing=\u00bb1px\u00bb title_line_height=\u00bb1.8em\u00bb form_field_font=\u00bb|700||on|||||\u00bb form_field_font_size=\u00bb14px\u00bb form_field_letter_spacing=\u00bb5px\u00bb form_field_line_height=\u00bb1.8em\u00bb custom_button=\u00bbon\u00bb button_text_size=\u00bb14px\u00bb button_text_color=\u00bb#ffffff\u00bb button_bg_color=\u00bb#1b123d\u00bb button_border_width=\u00bb0px\u00bb button_border_radius=\u00bb0px\u00bb button_letter_spacing=\u00bb5px\u00bb button_font=\u00bb|700||on|||||\u00bb button_custom_padding=\u00bb20px|30px|20px|30px|true|true\u00bb title_font_size_tablet=\u00bb24px\u00bb title_font_size_phone=\u00bb20px\u00bb title_font_size_last_edited=\u00bbon|phone\u00bb border_width_all=\u00bb2px\u00bb border_color_all=\u00bb#B1B5B9&#8243;][et_pb_contact_field field_id=\u00bbNombre\u00bb field_title=\u00bbNombre\u00bb _builder_version=\u00bb4.9.1&#8243; button_text_size__hover_enabled=\u00bboff\u00bb button_one_text_size__hover_enabled=\u00bboff\u00bb button_two_text_size__hover_enabled=\u00bboff\u00bb button_text_color__hover_enabled=\u00bboff\u00bb button_one_text_color__hover_enabled=\u00bboff\u00bb button_two_text_color__hover_enabled=\u00bboff\u00bb button_border_width__hover_enabled=\u00bboff\u00bb button_one_border_width__hover_enabled=\u00bboff\u00bb button_two_border_width__hover_enabled=\u00bboff\u00bb button_border_color__hover_enabled=\u00bboff\u00bb button_one_border_color__hover_enabled=\u00bboff\u00bb button_two_border_color__hover_enabled=\u00bboff\u00bb button_border_radius__hover_enabled=\u00bboff\u00bb button_one_border_radius__hover_enabled=\u00bboff\u00bb button_two_border_radius__hover_enabled=\u00bboff\u00bb button_letter_spacing__hover_enabled=\u00bboff\u00bb button_one_letter_spacing__hover_enabled=\u00bboff\u00bb button_two_letter_spacing__hover_enabled=\u00bboff\u00bb button_bg_color__hover_enabled=\u00bboff\u00bb button_one_bg_color__hover_enabled=\u00bboff\u00bb button_two_bg_color__hover_enabled=\u00bboff\u00bb][\/et_pb_contact_field][et_pb_contact_field field_id=\u00bbCorreo_electr\u00f3nico\u00bb field_title=\u00bbCorreo electr\u00f3nico\u00bb field_type=\u00bbemail\u00bb _builder_version=\u00bb4.9.1&#8243; button_text_size__hover_enabled=\u00bboff\u00bb button_one_text_size__hover_enabled=\u00bboff\u00bb button_two_text_size__hover_enabled=\u00bboff\u00bb button_text_color__hover_enabled=\u00bboff\u00bb button_one_text_color__hover_enabled=\u00bboff\u00bb button_two_text_color__hover_enabled=\u00bboff\u00bb button_border_width__hover_enabled=\u00bboff\u00bb button_one_border_width__hover_enabled=\u00bboff\u00bb button_two_border_width__hover_enabled=\u00bboff\u00bb button_border_color__hover_enabled=\u00bboff\u00bb button_one_border_color__hover_enabled=\u00bboff\u00bb button_two_border_color__hover_enabled=\u00bboff\u00bb button_border_radius__hover_enabled=\u00bboff\u00bb button_one_border_radius__hover_enabled=\u00bboff\u00bb button_two_border_radius__hover_enabled=\u00bboff\u00bb button_letter_spacing__hover_enabled=\u00bboff\u00bb button_one_letter_spacing__hover_enabled=\u00bboff\u00bb button_two_letter_spacing__hover_enabled=\u00bboff\u00bb button_bg_color__hover_enabled=\u00bboff\u00bb button_one_bg_color__hover_enabled=\u00bboff\u00bb button_two_bg_color__hover_enabled=\u00bboff\u00bb][\/et_pb_contact_field][et_pb_contact_field field_id=\u00bbMensaje\u00bb field_title=\u00bbMensaje\u00bb field_type=\u00bbtext\u00bb fullwidth_field=\u00bbon\u00bb _builder_version=\u00bb4.9.1&#8243; button_text_size__hover_enabled=\u00bboff\u00bb button_one_text_size__hover_enabled=\u00bboff\u00bb button_two_text_size__hover_enabled=\u00bboff\u00bb button_text_color__hover_enabled=\u00bboff\u00bb button_one_text_color__hover_enabled=\u00bboff\u00bb button_two_text_color__hover_enabled=\u00bboff\u00bb button_border_width__hover_enabled=\u00bboff\u00bb button_one_border_width__hover_enabled=\u00bboff\u00bb button_two_border_width__hover_enabled=\u00bboff\u00bb button_border_color__hover_enabled=\u00bboff\u00bb button_one_border_color__hover_enabled=\u00bboff\u00bb button_two_border_color__hover_enabled=\u00bboff\u00bb button_border_radius__hover_enabled=\u00bboff\u00bb button_one_border_radius__hover_enabled=\u00bboff\u00bb button_two_border_radius__hover_enabled=\u00bboff\u00bb button_letter_spacing__hover_enabled=\u00bboff\u00bb button_one_letter_spacing__hover_enabled=\u00bboff\u00bb button_two_letter_spacing__hover_enabled=\u00bboff\u00bb button_bg_color__hover_enabled=\u00bboff\u00bb button_one_bg_color__hover_enabled=\u00bboff\u00bb button_two_bg_color__hover_enabled=\u00bboff\u00bb][\/et_pb_contact_field][\/et_pb_contact_form][\/et_pb_column][et_pb_column type=\u00bb1_4&#8243; _builder_version=\u00bb4.9.1&#8243; background_color=\u00bbrgba(27,18,61,0.96)\u00bb][\/et_pb_column][\/et_pb_row][\/et_pb_section][et_pb_section fb_built=\u00bb1&#8243; admin_label=\u00bbMap\u00bb _builder_version=\u00bb4.4.7&#8243;][et_pb_row use_custom_gutter=\u00bbon\u00bb gutter_width=\u00bb2&#8243; make_equal=\u00bbon\u00bb _builder_version=\u00bb4.4.7&#8243; max_width=\u00bb1200px\u00bb][et_pb_column type=\u00bb4_4&#8243; _builder_version=\u00bb4.4.7&#8243;][et_pb_code _builder_version=\u00bb4.9.1&#8243; _module_preset=\u00bbdefault\u00bb box_shadow_style=\u00bbpreset1&#8243;]<iframe src=\"https:\/\/www.google.com\/maps\/embed?pb=!1m18!1m12!1m3!1d941.1094285167765!2d-99.00723067387496!3d19.350190848326328!2m3!1f0!2f0!3f0!3m2!1i1024!2i768!4f13.1!3m3!1m2!1s0x85d1fd44cfa8c3e9%3A0xf8cf71c7c0ca4f8d!2sAv.%20de%20las%20Torres!5e0!3m2!1ses!2smx!4v1618522784836!5m2!1ses!2smx\" width=\"1300\" height=\"600\" style=\"border:0;\" allowfullscreen=\"\" loading=\"lazy\"><\/iframe>[\/et_pb_code][\/et_pb_column][\/et_pb_row][\/et_pb_section]<\/p>\n","protected":false},"excerpt":{"rendered":"<p>ContactoDirecci\u00f3n Avenida de las Torres Mz. 26 Lt. 33 Colonia Santiago Acahualtepec, C.P. 09600, Alcald\u00eda Iztapalapa, CDMX.Tel\u00e9fono + 52 55 2630 9414 + 52 55 2630 9415Correo electr\u00f3nico contacto@torres-santana.com.mx<\/p>\n","protected":false},"author":1,"featured_media":0,"parent":0,"menu_order":0,"comment_status":"closed","ping_status":"closed","template":"","meta":{"_et_pb_use_builder":"on","_et_pb_old_content":"","_et_gb_content_width":"","footnotes":""},"class_list":["post-17","page","type-page","status-publish","hentry"],"_links":{"self":[{"href":"https:\/\/torres-santana.com.mx\/index.php\/wp-json\/wp\/v2\/pages\/17","targetHints":{"allow":["GET"]}}],"collection":[{"href":"https:\/\/torres-santana.com.mx\/index.php\/wp-json\/wp\/v2\/pages"}],"about":[{"href":"https:\/\/torres-santana.com.mx\/index.php\/wp-json\/wp\/v2\/types\/page"}],"author":[{"embeddable":true,"href":"https:\/\/torres-santana.com.mx\/index.php\/wp-json\/wp\/v2\/users\/1"}],"replies":[{"embeddable":true,"href":"https:\/\/torres-santana.com.mx\/index.php\/wp-json\/wp\/v2\/comments?post=17"}],"version-history":[{"count":9,"href":"https:\/\/torres-santana.com.mx\/index.php\/wp-json\/wp\/v2\/pages\/17\/revisions"}],"predecessor-version":[{"id":225,"href":"https:\/\/torres-santana.com.mx\/index.php\/wp-json\/wp\/v2\/pages\/17\/revisions\/225"}],"wp:attachment":[{"href":"https:\/\/torres-santana.com.mx\/index.php\/wp-json\/wp\/v2\/media?parent=17"}],"curies":[{"name":"wp","href":"https:\/\/api.w.org\/{rel}","templated":true}]}}